{"id":922,"date":"2016-01-21T10:35:29","date_gmt":"2016-01-21T08:35:29","guid":{"rendered":"http:\/\/cgot.de\/?page_id=922"},"modified":"2016-01-21T16:15:42","modified_gmt":"2016-01-21T14:15:42","slug":"was-glauben-wir","status":"publish","type":"page","link":"https:\/\/cgot.de\/?page_id=922","title":{"rendered":"Was glauben wir?"},"content":{"rendered":"<p><strong><span style=\"color: #000000;\">Gott<\/span><\/strong><\/p>\n<p>Wir glauben an Gott, den Vater, den Sch\u00f6pfer von Himmel und Erde. <BR>Wir glauben an seinen Sohn Jesus Christus, seine Gottheit, seinen Tod, seine Auferstehung und Wiederkunft. <BR>Wir glauben an den Heiligen Geist, der uns leitet und uns hilft, nach Gottes Willen zu leben.<\/p>\n<p><strong>Das eine Wort<\/strong><\/p>\n<p>Die Bibel ist Ma\u00dfstab und Richtschnur in allen Fragen des Glaubens, der Lehre und des Zusammenlebens untereinander. <BR>Sie ist die Offenbarung Gottes und gibt auch in unserer Zeit Weisung und Hilfe f\u00fcr unser Alltagsleben.<\/p>\n<p><strong>Die pers\u00f6nliche Entscheidung<\/strong><\/p>\n<p>Gottes Heilsangebot in Vergebung und Erl\u00f6sung durch Jesus Christus steht allen Menschen offen. <BR>Wir legen besonderen Wert auf eine bewu\u00dfte, pers\u00f6nliche Entscheidung f\u00fcr Jesus Christus und ein verbindliches Leben in seiner Nachfolge.<\/p>\n<p><strong>Die lebendige Gemeinschaft<\/strong><\/p>\n<p>Unser Glaube soll nicht auf den Gottesdienst beschr\u00e4nkt bleiben, sondern ganz bewu\u00dft im Alltag gelebt werden. <BR>In Gemeinschaft mit Gott und anderen Christen k\u00f6nnen wir Gottes Liebe und seine Hilfe Tag f\u00fcr Tag neu erfahren.<\/p>\n","protected":false},"excerpt":{"rendered":"<p>Gott Wir glauben an Gott, den Vater, den Sch\u00f6pfer von Himmel und Erde. Wir glauben an seinen Sohn Jesus Christus, seine Gottheit, seinen Tod, seine Auferstehung und Wiederkunft. Wir glauben an den Heiligen Geist, der uns leitet und uns hilft, nach Gottes Willen zu leben. Das eine Wort Die Bibel ist Ma\u00dfstab und Richtschnur in &#8230; <span class=\"more\"><a class=\"more-link\" href=\"https:\/\/cgot.de\/?page_id=922\">[Read more&#8230;]<\/a><\/span><\/p>\n","protected":false},"author":6,"featured_media":0,"parent":0,"menu_order":2,"comment_status":"closed","ping_status":"closed","template":"","meta":{"footnotes":""},"class_list":["entry","page","publish","author-stefanq","post-922"],"_links":{"self":[{"href":"https:\/\/cgot.de\/index.php?rest_route=\/wp\/v2\/pages\/922","targetHints":{"allow":["GET"]}}],"collection":[{"href":"https:\/\/cgot.de\/index.php?rest_route=\/wp\/v2\/pages"}],"about":[{"href":"https:\/\/cgot.de\/index.php?rest_route=\/wp\/v2\/types\/page"}],"author":[{"embeddable":true,"href":"https:\/\/cgot.de\/index.php?rest_route=\/wp\/v2\/users\/6"}],"replies":[{"embeddable":true,"href":"https:\/\/cgot.de\/index.php?rest_route=%2Fwp%2Fv2%2Fcomments&post=922"}],"version-history":[{"count":3,"href":"https:\/\/cgot.de\/index.php?rest_route=\/wp\/v2\/pages\/922\/revisions"}],"predecessor-version":[{"id":958,"href":"https:\/\/cgot.de\/index.php?rest_route=\/wp\/v2\/pages\/922\/revisions\/958"}],"wp:attachment":[{"href":"https:\/\/cgot.de\/index.php?rest_route=%2Fwp%2Fv2%2Fmedia&parent=922"}],"curies":[{"name":"wp","href":"https:\/\/api.w.org\/{rel}","templated":true}]}}