{"id":926,"date":"2016-01-21T10:35:38","date_gmt":"2016-01-21T08:35:38","guid":{"rendered":"http:\/\/cgot.de\/?page_id=926"},"modified":"2017-07-29T10:55:06","modified_gmt":"2017-07-29T08:55:06","slug":"was-machen-wir","status":"publish","type":"page","link":"https:\/\/cgot.de\/?page_id=926","title":{"rendered":"Was machen wir?"},"content":{"rendered":"<p><span style=\"color: #000000;\"><strong>Gottesdienst<\/strong><\/span><\/p>\n<p>Im Zentrum des Gottesdienstes steht die Anbetung Gottes und das H\u00f6ren auf sein Wort.<br \/>\nAuf schlichte Art feiern wir das Abendmahl zum Ged\u00e4chtnis an den Erl\u00f6sungstod Jesu Christi.<br \/>\nWir ehren Gott gemeinsam in Liedern und Gebet.<br \/>\nDie Predigt dient als St\u00e4rkung und Wegleitung f\u00fcr die kommende Woche und Ausrichtung f\u00fcr unser Leben.<\/p>\n<p><strong>Bibelstudium und Gebet<\/strong><\/p>\n<p>W\u00e4hrend der Woche finden regelm\u00e4\u00dfig Hauskreisabende statt.<br \/>\nDabei geht es um die Vertiefung des Glaubens durch das Lesen im Wort Gottes und ein gemeinsamer Austausch.<br \/>\nW\u00f6chentlich treffen wir uns in unterschiedlichen Gruppen zum gemeinsamen Gebet.<\/p>\n<p><strong>Und die Jugend&#8230;?<\/strong><\/p>\n<p>W\u00e4hrend des Gottesdienstes lernen die Kinder in der Sonntagsschule mehr \u00fcber Gott.<br \/>\nJe nach Altersgruppe k\u00f6nnen die Jugendlichen jeweils am Freitag in Jungschar, Teenkreis\u00a0 oder Jugendstunde Gottes Wort lebendig erfahren.<\/p>\n<p><strong>Veranstaltungen<\/strong><\/p>\n<p>Durch verschiedene Aktivit\u00e4ten und Veranstaltungen versuchen wir die Menschen in unserer Umgebung mit der guten Nachricht Gottes, dem Evangelium, bekanntzumachen.<\/p>\n","protected":false},"excerpt":{"rendered":"<p>Gottesdienst Im Zentrum des Gottesdienstes steht die Anbetung Gottes und das H\u00f6ren auf sein Wort. Auf schlichte Art feiern wir das Abendmahl zum Ged\u00e4chtnis an den Erl\u00f6sungstod Jesu Christi. Wir ehren Gott gemeinsam in Liedern und Gebet. Die Predigt dient als St\u00e4rkung und Wegleitung f\u00fcr die kommende Woche und Ausrichtung f\u00fcr unser Leben. Bibelstudium und &#8230; <span class=\"more\"><a class=\"more-link\" href=\"https:\/\/cgot.de\/?page_id=926\">[Read more&#8230;]<\/a><\/span><\/p>\n","protected":false},"author":6,"featured_media":0,"parent":0,"menu_order":3,"comment_status":"closed","ping_status":"closed","template":"","meta":{"footnotes":""},"class_list":["entry","page","publish","author-stefanq","post-926"],"_links":{"self":[{"href":"https:\/\/cgot.de\/index.php?rest_route=\/wp\/v2\/pages\/926","targetHints":{"allow":["GET"]}}],"collection":[{"href":"https:\/\/cgot.de\/index.php?rest_route=\/wp\/v2\/pages"}],"about":[{"href":"https:\/\/cgot.de\/index.php?rest_route=\/wp\/v2\/types\/page"}],"author":[{"embeddable":true,"href":"https:\/\/cgot.de\/index.php?rest_route=\/wp\/v2\/users\/6"}],"replies":[{"embeddable":true,"href":"https:\/\/cgot.de\/index.php?rest_route=%2Fwp%2Fv2%2Fcomments&post=926"}],"version-history":[{"count":5,"href":"https:\/\/cgot.de\/index.php?rest_route=\/wp\/v2\/pages\/926\/revisions"}],"predecessor-version":[{"id":1174,"href":"https:\/\/cgot.de\/index.php?rest_route=\/wp\/v2\/pages\/926\/revisions\/1174"}],"wp:attachment":[{"href":"https:\/\/cgot.de\/index.php?rest_route=%2Fwp%2Fv2%2Fmedia&parent=926"}],"curies":[{"name":"wp","href":"https:\/\/api.w.org\/{rel}","templated":true}]}}